{"id":1774,"date":"2022-11-21T23:42:37","date_gmt":"2022-11-21T23:42:37","guid":{"rendered":"https:\/\/ahpimpacto.es\/?page_id=1774"},"modified":"2022-11-21T23:56:50","modified_gmt":"2022-11-21T23:56:50","slug":"proyecto-ahpi-comunitaria","status":"publish","type":"page","link":"https:\/\/ahpimpacto.es\/?page_id=1774","title":{"rendered":"Proyecto AHPi Comunitaria"},"content":{"rendered":"\n<p class=\"has-medium-font-size\">El proyecto <strong>AHPi Comunitaria<\/strong> tiene como objetivo ofrecer herramientas para la mejora de la <strong>Salud Comunitaria<\/strong> a todos los sectores sociales-administraciones, empresas y asociaciones- trav\u00e9s de distintos formatos dise\u00f1ados por el equipo de AHP Impacto. Las diferentes actividades que se van a realizar en el marco de este proyecto, son:<\/p>\n\n\n<div class=\"wp-block-image\">\n<figure class=\"aligncenter size-full is-resized\"><img decoding=\"async\" src=\"http:\/\/ahpimpacto.es\/wp-content\/uploads\/2022\/11\/AHPcomunitariajpg.jpg\" alt=\"\" class=\"wp-image-1759\" width=\"391\" height=\"115\" srcset=\"https:\/\/ahpimpacto.es\/wp-content\/uploads\/2022\/11\/AHPcomunitariajpg.jpg 563w, https:\/\/ahpimpacto.es\/wp-content\/uploads\/2022\/11\/AHPcomunitariajpg-300x88.jpg 300w\" sizes=\"(max-width: 391px) 100vw, 391px\" \/><\/figure>\n<\/div>\n\n\n<p class=\"has-medium-font-size\">&#8211;<strong>Publicaciones<\/strong> con contenido divulgativo sobre Salud Publica y Salud Comunitaria.<\/p>\n\n\n\n<div class=\"wp-block-jetpack-slideshow aligncenter\" data-effect=\"slide\"><div class=\"wp-block-jetpack-slideshow_container swiper-container\"><ul class=\"wp-block-jetpack-slideshow_swiper-wrapper swiper-wrapper\"><li class=\"wp-block-jetpack-slideshow_slide swiper-slide\"><figure><img fetchpriority=\"high\" decoding=\"async\" width=\"1024\" height=\"1024\" alt=\"\" class=\"wp-block-jetpack-slideshow_image wp-image-1781\" data-id=\"1781\" src=\"https:\/\/ahpimpacto.es\/wp-content\/uploads\/2022\/11\/Activos_enSalud-1024x1024.png\" srcset=\"https:\/\/ahpimpacto.es\/wp-content\/uploads\/2022\/11\/Activos_enSalud-1024x1024.png 1024w, https:\/\/ahpimpacto.es\/wp-content\/uploads\/2022\/11\/Activos_enSalud-300x300.png 300w, https:\/\/ahpimpacto.es\/wp-content\/uploads\/2022\/11\/Activos_enSalud-150x150.png 150w, https:\/\/ahpimpacto.es\/wp-content\/uploads\/2022\/11\/Activos_enSalud-768x768.png 768w, https:\/\/ahpimpacto.es\/wp-content\/uploads\/2022\/11\/Activos_enSalud-600x600.png 600w, https:\/\/ahpimpacto.es\/wp-content\/uploads\/2022\/11\/Activos_enSalud-100x100.png 100w, https:\/\/ahpimpacto.es\/wp-content\/uploads\/2022\/11\/Activos_enSalud.png 1080w\" sizes=\"(max-width: 1024px) 100vw, 1024px\" \/><\/figure><\/li><li class=\"wp-block-jetpack-slideshow_slide swiper-slide\"><figure><img decoding=\"async\" width=\"1024\" height=\"1024\" alt=\"\" class=\"wp-block-jetpack-slideshow_image wp-image-1782\" data-id=\"1782\" src=\"https:\/\/ahpimpacto.es\/wp-content\/uploads\/2022\/11\/beneficios_legumbres-1-1024x1024.png\" srcset=\"https:\/\/ahpimpacto.es\/wp-content\/uploads\/2022\/11\/beneficios_legumbres-1-1024x1024.png 1024w, https:\/\/ahpimpacto.es\/wp-content\/uploads\/2022\/11\/beneficios_legumbres-1-300x300.png 300w, https:\/\/ahpimpacto.es\/wp-content\/uploads\/2022\/11\/beneficios_legumbres-1-150x150.png 150w, https:\/\/ahpimpacto.es\/wp-content\/uploads\/2022\/11\/beneficios_legumbres-1-768x768.png 768w, https:\/\/ahpimpacto.es\/wp-content\/uploads\/2022\/11\/beneficios_legumbres-1-600x600.png 600w, https:\/\/ahpimpacto.es\/wp-content\/uploads\/2022\/11\/beneficios_legumbres-1-100x100.png 100w, https:\/\/ahpimpacto.es\/wp-content\/uploads\/2022\/11\/beneficios_legumbres-1.png 1080w\" sizes=\"(max-width: 1024px) 100vw, 1024px\" \/><\/figure><\/li><li class=\"wp-block-jetpack-slideshow_slide swiper-slide\"><figure><img loading=\"lazy\" decoding=\"async\" width=\"1024\" height=\"1024\" alt=\"\" class=\"wp-block-jetpack-slideshow_image wp-image-1783\" data-id=\"1783\" src=\"https:\/\/ahpimpacto.es\/wp-content\/uploads\/2022\/11\/Frente_al_calor-1024x1024.png\" srcset=\"https:\/\/ahpimpacto.es\/wp-content\/uploads\/2022\/11\/Frente_al_calor-1024x1024.png 1024w, https:\/\/ahpimpacto.es\/wp-content\/uploads\/2022\/11\/Frente_al_calor-300x300.png 300w, https:\/\/ahpimpacto.es\/wp-content\/uploads\/2022\/11\/Frente_al_calor-150x150.png 150w, https:\/\/ahpimpacto.es\/wp-content\/uploads\/2022\/11\/Frente_al_calor-768x768.png 768w, https:\/\/ahpimpacto.es\/wp-content\/uploads\/2022\/11\/Frente_al_calor-600x600.png 600w, https:\/\/ahpimpacto.es\/wp-content\/uploads\/2022\/11\/Frente_al_calor-100x100.png 100w, https:\/\/ahpimpacto.es\/wp-content\/uploads\/2022\/11\/Frente_al_calor.png 1080w\" sizes=\"(max-width: 1024px) 100vw, 1024px\" \/><\/figure><\/li><li class=\"wp-block-jetpack-slideshow_slide swiper-slide\"><figure><img loading=\"lazy\" decoding=\"async\" width=\"1024\" height=\"1024\" alt=\"\" class=\"wp-block-jetpack-slideshow_image wp-image-1785\" data-id=\"1785\" src=\"https:\/\/ahpimpacto.es\/wp-content\/uploads\/2022\/11\/Habitos_invierno-1024x1024.png\" srcset=\"https:\/\/ahpimpacto.es\/wp-content\/uploads\/2022\/11\/Habitos_invierno-1024x1024.png 1024w, https:\/\/ahpimpacto.es\/wp-content\/uploads\/2022\/11\/Habitos_invierno-300x300.png 300w, https:\/\/ahpimpacto.es\/wp-content\/uploads\/2022\/11\/Habitos_invierno-150x150.png 150w, https:\/\/ahpimpacto.es\/wp-content\/uploads\/2022\/11\/Habitos_invierno-768x768.png 768w, https:\/\/ahpimpacto.es\/wp-content\/uploads\/2022\/11\/Habitos_invierno-600x600.png 600w, https:\/\/ahpimpacto.es\/wp-content\/uploads\/2022\/11\/Habitos_invierno-100x100.png 100w, https:\/\/ahpimpacto.es\/wp-content\/uploads\/2022\/11\/Habitos_invierno.png 1080w\" sizes=\"(max-width: 1024px) 100vw, 1024px\" \/><\/figure><\/li><li class=\"wp-block-jetpack-slideshow_slide swiper-slide\"><figure><img loading=\"lazy\" decoding=\"async\" width=\"1024\" height=\"1024\" alt=\"\" class=\"wp-block-jetpack-slideshow_image wp-image-1786\" data-id=\"1786\" src=\"https:\/\/ahpimpacto.es\/wp-content\/uploads\/2022\/11\/Plato_de_Harvard-1024x1024.png\" srcset=\"https:\/\/ahpimpacto.es\/wp-content\/uploads\/2022\/11\/Plato_de_Harvard-1024x1024.png 1024w, https:\/\/ahpimpacto.es\/wp-content\/uploads\/2022\/11\/Plato_de_Harvard-300x300.png 300w, https:\/\/ahpimpacto.es\/wp-content\/uploads\/2022\/11\/Plato_de_Harvard-150x150.png 150w, https:\/\/ahpimpacto.es\/wp-content\/uploads\/2022\/11\/Plato_de_Harvard-768x768.png 768w, https:\/\/ahpimpacto.es\/wp-content\/uploads\/2022\/11\/Plato_de_Harvard-600x600.png 600w, https:\/\/ahpimpacto.es\/wp-content\/uploads\/2022\/11\/Plato_de_Harvard-100x100.png 100w, https:\/\/ahpimpacto.es\/wp-content\/uploads\/2022\/11\/Plato_de_Harvard.png 1080w\" sizes=\"(max-width: 1024px) 100vw, 1024px\" \/><\/figure><\/li><li class=\"wp-block-jetpack-slideshow_slide swiper-slide\"><figure><img loading=\"lazy\" decoding=\"async\" width=\"1024\" height=\"1024\" alt=\"\" class=\"wp-block-jetpack-slideshow_image wp-image-1787\" data-id=\"1787\" src=\"https:\/\/ahpimpacto.es\/wp-content\/uploads\/2022\/11\/Prevencion_diabetes-1024x1024.png\" srcset=\"https:\/\/ahpimpacto.es\/wp-content\/uploads\/2022\/11\/Prevencion_diabetes-1024x1024.png 1024w, https:\/\/ahpimpacto.es\/wp-content\/uploads\/2022\/11\/Prevencion_diabetes-300x300.png 300w, https:\/\/ahpimpacto.es\/wp-content\/uploads\/2022\/11\/Prevencion_diabetes-150x150.png 150w, https:\/\/ahpimpacto.es\/wp-content\/uploads\/2022\/11\/Prevencion_diabetes-768x768.png 768w, https:\/\/ahpimpacto.es\/wp-content\/uploads\/2022\/11\/Prevencion_diabetes-600x600.png 600w, https:\/\/ahpimpacto.es\/wp-content\/uploads\/2022\/11\/Prevencion_diabetes-100x100.png 100w, https:\/\/ahpimpacto.es\/wp-content\/uploads\/2022\/11\/Prevencion_diabetes.png 1080w\" sizes=\"(max-width: 1024px) 100vw, 1024px\" \/><\/figure><\/li><li class=\"wp-block-jetpack-slideshow_slide swiper-slide\"><figure><img loading=\"lazy\" decoding=\"async\" width=\"1024\" height=\"1024\" alt=\"\" class=\"wp-block-jetpack-slideshow_image wp-image-1789\" data-id=\"1789\" src=\"https:\/\/ahpimpacto.es\/wp-content\/uploads\/2022\/11\/prevencion_gripe_covid-1024x1024.png\" srcset=\"https:\/\/ahpimpacto.es\/wp-content\/uploads\/2022\/11\/prevencion_gripe_covid-1024x1024.png 1024w, https:\/\/ahpimpacto.es\/wp-content\/uploads\/2022\/11\/prevencion_gripe_covid-300x300.png 300w, https:\/\/ahpimpacto.es\/wp-content\/uploads\/2022\/11\/prevencion_gripe_covid-150x150.png 150w, https:\/\/ahpimpacto.es\/wp-content\/uploads\/2022\/11\/prevencion_gripe_covid-768x768.png 768w, https:\/\/ahpimpacto.es\/wp-content\/uploads\/2022\/11\/prevencion_gripe_covid-600x600.png 600w, https:\/\/ahpimpacto.es\/wp-content\/uploads\/2022\/11\/prevencion_gripe_covid-100x100.png 100w, https:\/\/ahpimpacto.es\/wp-content\/uploads\/2022\/11\/prevencion_gripe_covid.png 1080w\" sizes=\"(max-width: 1024px) 100vw, 1024px\" \/><\/figure><\/li><li class=\"wp-block-jetpack-slideshow_slide swiper-slide\"><figure><img loading=\"lazy\" decoding=\"async\" width=\"1024\" height=\"1024\" alt=\"\" class=\"wp-block-jetpack-slideshow_image wp-image-1790\" data-id=\"1790\" src=\"https:\/\/ahpimpacto.es\/wp-content\/uploads\/2022\/11\/que_es_APS-1024x1024.png\" srcset=\"https:\/\/ahpimpacto.es\/wp-content\/uploads\/2022\/11\/que_es_APS-1024x1024.png 1024w, https:\/\/ahpimpacto.es\/wp-content\/uploads\/2022\/11\/que_es_APS-300x300.png 300w, https:\/\/ahpimpacto.es\/wp-content\/uploads\/2022\/11\/que_es_APS-150x150.png 150w, https:\/\/ahpimpacto.es\/wp-content\/uploads\/2022\/11\/que_es_APS-768x768.png 768w, https:\/\/ahpimpacto.es\/wp-content\/uploads\/2022\/11\/que_es_APS-600x600.png 600w, https:\/\/ahpimpacto.es\/wp-content\/uploads\/2022\/11\/que_es_APS-100x100.png 100w, https:\/\/ahpimpacto.es\/wp-content\/uploads\/2022\/11\/que_es_APS.png 1080w\" sizes=\"(max-width: 1024px) 100vw, 1024px\" \/><\/figure><\/li><li class=\"wp-block-jetpack-slideshow_slide swiper-slide\"><figure><img loading=\"lazy\" decoding=\"async\" width=\"1024\" height=\"1024\" alt=\"\" class=\"wp-block-jetpack-slideshow_image wp-image-1791\" data-id=\"1791\" src=\"https:\/\/ahpimpacto.es\/wp-content\/uploads\/2022\/11\/Vacunas_oficinadefarmacia-1024x1024.png\" srcset=\"https:\/\/ahpimpacto.es\/wp-content\/uploads\/2022\/11\/Vacunas_oficinadefarmacia-1024x1024.png 1024w, https:\/\/ahpimpacto.es\/wp-content\/uploads\/2022\/11\/Vacunas_oficinadefarmacia-300x300.png 300w, https:\/\/ahpimpacto.es\/wp-content\/uploads\/2022\/11\/Vacunas_oficinadefarmacia-150x150.png 150w, https:\/\/ahpimpacto.es\/wp-content\/uploads\/2022\/11\/Vacunas_oficinadefarmacia-768x768.png 768w, https:\/\/ahpimpacto.es\/wp-content\/uploads\/2022\/11\/Vacunas_oficinadefarmacia-600x600.png 600w, https:\/\/ahpimpacto.es\/wp-content\/uploads\/2022\/11\/Vacunas_oficinadefarmacia-100x100.png 100w, https:\/\/ahpimpacto.es\/wp-content\/uploads\/2022\/11\/Vacunas_oficinadefarmacia.png 1080w\" sizes=\"(max-width: 1024px) 100vw, 1024px\" \/><\/figure><\/li><\/ul><a class=\"wp-block-jetpack-slideshow_button-prev swiper-button-prev swiper-button-white\" role=\"button\"><\/a><a class=\"wp-block-jetpack-slideshow_button-next swiper-button-next swiper-button-white\" role=\"button\"><\/a><a aria-label=\"Pause Slideshow\" class=\"wp-block-jetpack-slideshow_button-pause\" role=\"button\"><\/a><div class=\"wp-block-jetpack-slideshow_pagination swiper-pagination swiper-pagination-white\"><\/div><\/div><\/div>\n\n\n\n<p class=\"has-medium-font-size\">&#8211;<strong>Formaciones<\/strong> a los distintos sectores sociales y a sus usuarios sobre Salud Publica y Salud Comunitaria.<\/p>\n\n\n\n<p class=\"has-medium-font-size\">&#8211;<strong>Elaboraci\u00f3n de estudios e informes<\/strong> sobre diferentes tem\u00e1ticas relacionadas con el proyecto.<\/p>\n\n\n\n<p class=\"has-medium-font-size\">&#8211;<strong>Identificaci\u00f3n, Formulaci\u00f3n y Ejecuci\u00f3n de proyectos<\/strong> relacionados con la Salud P\u00fablica y la Salud Comunitaria. <\/p>\n","protected":false},"excerpt":{"rendered":"<p>El proyecto AHPi Comunitaria tiene como objetivo ofrecer herramientas para la mejora de la Salud Comunitaria a todos los sectores sociales-administraciones, empresas y asociaciones- trav\u00e9s de distintos formatos dise\u00f1ados por el equipo de AHP Impacto. Las diferentes actividades que se van a realizar en el marco de este proyecto, son: &#8211;Publicaciones con contenido divulgativo sobre&hellip; <br \/> <a class=\"read-more\" href=\"https:\/\/ahpimpacto.es\/?page_id=1774\">Leer m\u00e1s<\/a><\/p>\n","protected":false},"author":1,"featured_media":0,"parent":0,"menu_order":0,"comment_status":"closed","ping_status":"closed","template":"","meta":{"footnotes":""},"class_list":["post-1774","page","type-page","status-publish","hentry"],"aioseo_notices":[],"jetpack_sharing_enabled":true,"_links":{"self":[{"href":"https:\/\/ahpimpacto.es\/index.php?rest_route=\/wp\/v2\/pages\/1774","targetHints":{"allow":["GET"]}}],"collection":[{"href":"https:\/\/ahpimpacto.es\/index.php?rest_route=\/wp\/v2\/pages"}],"about":[{"href":"https:\/\/ahpimpacto.es\/index.php?rest_route=\/wp\/v2\/types\/page"}],"author":[{"embeddable":true,"href":"https:\/\/ahpimpacto.es\/index.php?rest_route=\/wp\/v2\/users\/1"}],"replies":[{"embeddable":true,"href":"https:\/\/ahpimpacto.es\/index.php?rest_route=%2Fwp%2Fv2%2Fcomments&post=1774"}],"version-history":[{"count":5,"href":"https:\/\/ahpimpacto.es\/index.php?rest_route=\/wp\/v2\/pages\/1774\/revisions"}],"predecessor-version":[{"id":1792,"href":"https:\/\/ahpimpacto.es\/index.php?rest_route=\/wp\/v2\/pages\/1774\/revisions\/1792"}],"wp:attachment":[{"href":"https:\/\/ahpimpacto.es\/index.php?rest_route=%2Fwp%2Fv2%2Fmedia&parent=1774"}],"curies":[{"name":"wp","href":"https:\/\/api.w.org\/{rel}","templated":true}]}}