{"id":1747,"date":"2022-10-24T22:44:26","date_gmt":"2022-10-24T22:44:26","guid":{"rendered":"https:\/\/ahpimpacto.es\/?page_id=1747"},"modified":"2024-07-17T17:55:49","modified_gmt":"2024-07-17T17:55:49","slug":"servicios-ahpi","status":"publish","type":"page","link":"https:\/\/ahpimpacto.es\/?page_id=1747","title":{"rendered":"Servicios AHPi"},"content":{"rendered":"\n<p class=\"has-medium-font-size\">Desde AHP Impacto, ofrecemos una serie de servicios orientados a gestionar <strong>la secretar\u00eda t\u00e9cnica<\/strong> de entidades del \u00e1mbito social relacionadas con la salud, sin descartar el trabajo con otras organizaciones de otros sectores.<\/p>\n\n\n\n<figure class=\"wp-block-image size-large is-resized\"><img fetchpriority=\"high\" decoding=\"async\" width=\"1024\" height=\"299\" src=\"http:\/\/ahpimpacto.es\/wp-content\/uploads\/2021\/02\/digital-marketing-coach-template-header-bg-img-5-1024x299.jpg\" alt=\"\" class=\"wp-image-697\" style=\"width:1099px;height:320px\" srcset=\"https:\/\/ahpimpacto.es\/wp-content\/uploads\/2021\/02\/digital-marketing-coach-template-header-bg-img-5-1024x299.jpg 1024w, https:\/\/ahpimpacto.es\/wp-content\/uploads\/2021\/02\/digital-marketing-coach-template-header-bg-img-5-600x175.jpg 600w, https:\/\/ahpimpacto.es\/wp-content\/uploads\/2021\/02\/digital-marketing-coach-template-header-bg-img-5-300x88.jpg 300w, https:\/\/ahpimpacto.es\/wp-content\/uploads\/2021\/02\/digital-marketing-coach-template-header-bg-img-5-768x224.jpg 768w, https:\/\/ahpimpacto.es\/wp-content\/uploads\/2021\/02\/digital-marketing-coach-template-header-bg-img-5-1536x448.jpg 1536w, https:\/\/ahpimpacto.es\/wp-content\/uploads\/2021\/02\/digital-marketing-coach-template-header-bg-img-5.jpg 1920w\" sizes=\"(max-width: 1024px) 100vw, 1024px\" \/><\/figure>\n\n\n\n<p class=\"has-medium-font-size\">Estos servicios se dividen en dos categor\u00edas. La primera, el acceso a herramientas AHPi dedicadas a la formaci\u00f3n y la gesti\u00f3n. La segunda con servicios personalizados en funci\u00f3n de las necesidades de la entidad en lo referente a estrategia, gesti\u00f3n de proyectos o formaci\u00f3n.<\/p>\n\n\n\n<p class=\"has-medium-font-size\">HERRAMIENTAS DISPONIBLES EN LA ACTUALIDAD:<\/p>\n\n\n\n<ul class=\"wp-block-list has-medium-font-size\">\n<li>Centro del conocimiento AHPi: Con acceso a la plataforma para distribuir tus cursos.<\/li>\n<\/ul>\n\n\n\n<ul class=\"wp-block-list has-medium-font-size\">\n<li>Herramienta AHPi_Loter\u00eda: Herramienta para la gesti\u00f3n de pago de premios de loter\u00eda de navidad.<\/li>\n<\/ul>\n\n\n\n<ul class=\"wp-block-list has-medium-font-size\">\n<li>En breve dispondremos de m\u00e1s herramientas para facilitar la gesti\u00f3n de tu entidad.<\/li>\n<\/ul>\n\n\n\n<p class=\"has-medium-font-size\">SERVICIOS PERSONALIZADOS-<strong>SECRETAR\u00cdA T\u00c9CNICA<\/strong>:<\/p>\n\n\n\n<ul class=\"wp-block-list has-medium-font-size\">\n<li>Direcci\u00f3n T\u00e9cnica<\/li>\n<\/ul>\n\n\n\n<ul class=\"wp-block-list has-medium-font-size\">\n<li>Elaboraci\u00f3n y despliegue del plan estrat\u00e9gico<\/li>\n<\/ul>\n\n\n\n<ul class=\"wp-block-list has-medium-font-size\">\n<li>Comunicaci\u00f3n interna y externa<\/li>\n<\/ul>\n\n\n\n<ul class=\"wp-block-list has-medium-font-size\">\n<li>Formaci\u00f3n<\/li>\n<\/ul>\n\n\n\n<ul class=\"wp-block-list has-medium-font-size\">\n<li>Compliance<\/li>\n<\/ul>\n\n\n\n<ul class=\"wp-block-list has-medium-font-size\">\n<li>RSC\/ESG<\/li>\n<\/ul>\n\n\n\n<ul class=\"wp-block-list has-medium-font-size\">\n<li>Administraci\u00f3n<\/li>\n<\/ul>\n\n\n\n<ul class=\"wp-block-list has-medium-font-size\">\n<li>Direcci\u00f3n Financiera<\/li>\n<\/ul>\n\n\n\n<p><\/p>\n\n\n\n<p><\/p>\n","protected":false},"excerpt":{"rendered":"<p>Desde AHP Impacto, ofrecemos una serie de servicios orientados a gestionar la secretar\u00eda t\u00e9cnica de entidades del \u00e1mbito social relacionadas con la salud, sin descartar el trabajo con otras organizaciones de otros sectores. Estos servicios se dividen en dos categor\u00edas. La primera, el acceso a herramientas AHPi dedicadas a la formaci\u00f3n y la gesti\u00f3n. La&hellip; <br \/> <a class=\"read-more\" href=\"https:\/\/ahpimpacto.es\/?page_id=1747\">Leer m\u00e1s<\/a><\/p>\n","protected":false},"author":1,"featured_media":0,"parent":0,"menu_order":0,"comment_status":"closed","ping_status":"closed","template":"","meta":{"footnotes":""},"class_list":["post-1747","page","type-page","status-publish","hentry"],"aioseo_notices":[],"jetpack_sharing_enabled":true,"_links":{"self":[{"href":"https:\/\/ahpimpacto.es\/index.php?rest_route=\/wp\/v2\/pages\/1747","targetHints":{"allow":["GET"]}}],"collection":[{"href":"https:\/\/ahpimpacto.es\/index.php?rest_route=\/wp\/v2\/pages"}],"about":[{"href":"https:\/\/ahpimpacto.es\/index.php?rest_route=\/wp\/v2\/types\/page"}],"author":[{"embeddable":true,"href":"https:\/\/ahpimpacto.es\/index.php?rest_route=\/wp\/v2\/users\/1"}],"replies":[{"embeddable":true,"href":"https:\/\/ahpimpacto.es\/index.php?rest_route=%2Fwp%2Fv2%2Fcomments&post=1747"}],"version-history":[{"count":5,"href":"https:\/\/ahpimpacto.es\/index.php?rest_route=\/wp\/v2\/pages\/1747\/revisions"}],"predecessor-version":[{"id":1815,"href":"https:\/\/ahpimpacto.es\/index.php?rest_route=\/wp\/v2\/pages\/1747\/revisions\/1815"}],"wp:attachment":[{"href":"https:\/\/ahpimpacto.es\/index.php?rest_route=%2Fwp%2Fv2%2Fmedia&parent=1747"}],"curies":[{"name":"wp","href":"https:\/\/api.w.org\/{rel}","templated":true}]}}