{"id":1716,"date":"2022-10-23T16:15:15","date_gmt":"2022-10-23T16:15:15","guid":{"rendered":"https:\/\/ahpimpacto.es\/?page_id=1716"},"modified":"2022-10-23T18:18:25","modified_gmt":"2022-10-23T18:18:25","slug":"filosofia","status":"publish","type":"page","link":"https:\/\/ahpimpacto.es\/?page_id=1716","title":{"rendered":"Filosof\u00eda AHPi"},"content":{"rendered":"\n<p class=\"has-medium-font-size\">Tenemos una filosof\u00eda muy clara que deriva de la <strong>misi\u00f3n y visi\u00f3n del proyecto<\/strong>. Construido con la idea de devolver a nuestro sector y a la sociedad todo lo que hemos aprendido a lo largo de nuestra vida profesional. A continuaci\u00f3n os contamos todo lo que nos mueve a crear este proyecto:<\/p>\n\n\n\n<figure class=\"wp-block-image size-large is-resized\"><img fetchpriority=\"high\" decoding=\"async\" src=\"http:\/\/ahpimpacto.es\/wp-content\/uploads\/2021\/02\/digital-marketing-coach-template-course-cover-img-1-1024x607.jpg\" alt=\"\" class=\"wp-image-967\" width=\"1083\" height=\"640\" srcset=\"https:\/\/ahpimpacto.es\/wp-content\/uploads\/2021\/02\/digital-marketing-coach-template-course-cover-img-1-600x356.jpg 600w, https:\/\/ahpimpacto.es\/wp-content\/uploads\/2021\/02\/digital-marketing-coach-template-course-cover-img-1-300x178.jpg 300w, https:\/\/ahpimpacto.es\/wp-content\/uploads\/2021\/02\/digital-marketing-coach-template-course-cover-img-1-768x455.jpg 768w\" sizes=\"(max-width: 1083px) 100vw, 1083px\" \/><\/figure>\n\n\n\n<p class=\"has-medium-font-size\"><strong>MISI\u00d3N:<\/strong> Aportar soluciones en cuanto a gesti\u00f3n administrativa y de proyectos a entidades del tercer sector social que logren facilitar un mayor impacto para la actividad que desarrollan, tanto la entidad por si misma como por su base social.<\/p>\n\n\n\n<p class=\"has-medium-font-size\"><strong>VISI\u00d3N:<\/strong> Ser un proyecto que ponga la experiencia del equipo humano que lo forma en el sector humanitario, al servicio de las entidades que componen el tercer sector de acci\u00f3n social.<\/p>\n\n\n\n<p class=\"has-medium-font-size\"><strong>VALORES QUE DEFENDEMOS:<\/strong> Contamos con una serie de valores y criterios que defendemos para nosotros y para el tercer sector. <\/p>\n\n\n\n<ul class=\"has-medium-font-size wp-block-list\"><li>Independencia<\/li><li>Sostenibilidad<\/li><li>Buen Gobierno y Calidad<\/li><li>Transparencia<\/li><li>No discriminaci\u00f3n<\/li><li>Compliance<\/li><li>Vocaci\u00f3n Social<\/li><li>Integraci\u00f3n<\/li><li>Fomento del voluntariado<\/li><\/ul>\n\n\n\n<p class=\"has-medium-font-size\"><strong>CRITERIOS QUE DEFENDEMOS: <\/strong>Contamos con una serie  criterios de gesti\u00f3n que defendemos para nosotros y para el tercer sector. Para ello nos apoyamos en los criterios <strong>ASG\/ESG<\/strong>.<\/p>\n\n\n\n<ul class=\"has-medium-font-size wp-block-list\"><li><strong>Criterios Ambientales:<\/strong>\u00a0Cualquier actividad que realice se realice en el \u00e1mbito del tercer sector debe tener en cuenta el cambio clim\u00e1tico, la biodiversidad y los recursos naturales, as\u00ed como la gesti\u00f3n de los residuos y otros factores medioambientales. Debe ser uno de los principales criterios.\u00a0<\/li><\/ul>\n\n\n\n<ul id=\"block-417000a8-aa0f-4ed5-9cce-56e4f9aaea88\" class=\"has-medium-font-size wp-block-list\"><li><strong>Criterios Sociales<\/strong>: Innato en el tercer sector y en nuestro proyecto. Considera los diferentes grupos de inter\u00e9s con los que se relaciona una organizaci\u00f3n. Este criterio se refiere a los derechos humanos, los derechos laborales y condiciones de trabajo, la salud y seguridad en el trabajo, as\u00ed como la igualdad de oportunidades, y otros aspectos relacionados con el entorno social de las actividades en lo que se refiere a diversidad, administraci\u00f3n, derechos humanos, cuidados sanitarios y filantr\u00f3pismo.\u00a0<\/li><\/ul>\n\n\n\n<ul class=\"has-medium-font-size wp-block-list\"><li><strong>Criterios Gobernanza:<\/strong>\u00a0Es el criterio que considera lo referido a la transparencia, el equilibrio y la informaci\u00f3n en una organizaci\u00f3n, remuneraciones, estrategias fiscales, derechos de los asociados, la relaci\u00f3n entre asociados, equipo directivo y equipo t\u00e9cnico, as\u00ed como la transparencia, equidad, el c\u00f3digo de \u00e9tica junto a la sostenibilidad econ\u00f3mica.<\/li><\/ul>\n","protected":false},"excerpt":{"rendered":"<p>Tenemos una filosof\u00eda muy clara que deriva de la misi\u00f3n y visi\u00f3n del proyecto. Construido con la idea de devolver a nuestro sector y a la sociedad todo lo que hemos aprendido a lo largo de nuestra vida profesional. A continuaci\u00f3n os contamos todo lo que nos mueve a crear este proyecto: MISI\u00d3N: Aportar soluciones&hellip; <br \/> <a class=\"read-more\" href=\"https:\/\/ahpimpacto.es\/?page_id=1716\">Leer m\u00e1s<\/a><\/p>\n","protected":false},"author":1,"featured_media":0,"parent":0,"menu_order":0,"comment_status":"closed","ping_status":"closed","template":"","meta":{"footnotes":""},"class_list":["post-1716","page","type-page","status-publish","hentry"],"aioseo_notices":[],"jetpack_sharing_enabled":true,"_links":{"self":[{"href":"https:\/\/ahpimpacto.es\/index.php?rest_route=\/wp\/v2\/pages\/1716","targetHints":{"allow":["GET"]}}],"collection":[{"href":"https:\/\/ahpimpacto.es\/index.php?rest_route=\/wp\/v2\/pages"}],"about":[{"href":"https:\/\/ahpimpacto.es\/index.php?rest_route=\/wp\/v2\/types\/page"}],"author":[{"embeddable":true,"href":"https:\/\/ahpimpacto.es\/index.php?rest_route=\/wp\/v2\/users\/1"}],"replies":[{"embeddable":true,"href":"https:\/\/ahpimpacto.es\/index.php?rest_route=%2Fwp%2Fv2%2Fcomments&post=1716"}],"version-history":[{"count":14,"href":"https:\/\/ahpimpacto.es\/index.php?rest_route=\/wp\/v2\/pages\/1716\/revisions"}],"predecessor-version":[{"id":1743,"href":"https:\/\/ahpimpacto.es\/index.php?rest_route=\/wp\/v2\/pages\/1716\/revisions\/1743"}],"wp:attachment":[{"href":"https:\/\/ahpimpacto.es\/index.php?rest_route=%2Fwp%2Fv2%2Fmedia&parent=1716"}],"curies":[{"name":"wp","href":"https:\/\/api.w.org\/{rel}","templated":true}]}}