{"id":1574,"date":"2022-06-13T18:29:57","date_gmt":"2022-06-13T18:29:57","guid":{"rendered":"https:\/\/ahpimpacto.es\/?page_id=1574"},"modified":"2025-12-03T23:44:06","modified_gmt":"2025-12-03T23:44:06","slug":"mesmerize","status":"publish","type":"page","link":"https:\/\/ahpimpacto.es\/","title":{"rendered":"Inicio"},"content":{"rendered":"<div  data-label=\"Overlappable\" data-id=\"overlappable--1\" data-export-id=\"overlappable-4\" data-category=\"overlappable\" class=\"overlappable-4 content-section content-section-spacing\" data-overlap=\"true\" id=\"overlappable-1\" style=\"background-color: rgb(255, 255, 255);\"><div  class=\"gridContainer\"> <div  data-type=\"row\" class=\"row spaced-cols text-center\"><div  class=\"col-xs-12 col-sm-4 col-padding\"> <i  class=\"fa icon fa-clone large shadow-large-black round aligncenter reverse color1\"><\/i> <div  data-type=\"column\" class=\"\"> <h5  class=\"\">FORMACI\u00d3N<\/h5> <p  class=\"\">Una buena formaci\u00f3n es el punto de partida de una gesti\u00f3n sostenible. Desde AHP_Impacto te ofrecemos planes personalizados de formaci\u00f3n en el \u00e1mbito de la gesti\u00f3n y la ejecuci\u00f3n de proyectos.&nbsp;<\/p><\/div> <\/div> <div  class=\"col-xs-12 col-sm-4 col-padding\"> <i  class=\"fa icon fa-cogs large shadow-large-black round aligncenter reverse color1\"><\/i> <div  data-type=\"column\" class=\"\"><h5  class=\"\">GESTI\u00d3N Y PROYECTOS<\/h5> <p  class=\"\">Nuestra experiancia de m\u00e1s de veinte a\u00f1os en el sector ONG nos avala a la hora de gestionar el ciclo del proyecto en el \u00e1mbito de la acci\u00f3n social, la cooperaci\u00f3n al desarrollo y la ayuda humanitaria.<\/p><\/div> <\/div> <div  class=\"col-xs-12 col-sm-4 col-padding\"> <i  class=\"fa icon fa-magic large shadow-large-black round aligncenter reverse color1\"><\/i> <div  data-type=\"column\" class=\"\"><h5  class=\"\">SECRETAR\u00cdA T\u00c9CNICA<\/h5> <p  class=\"\">Te proponemos que dese AHP_impacto dirijamos tu entidad a trav\u00e9s de la gesti\u00f3n de la secretar\u00eda t\u00e9cnica, trabajando en todos los aspectos necesarios para llevar a cabo a nivel t\u00e9cnico los objetivos de tu organizaci\u00f3n.<\/p><\/div> <\/div><\/div> <\/div><\/div><div  id=\"latest-news-1\" style=\"background-color: #f5fafd;\" data-label=\"Latest-news\" data-id=\"blog-section\" data-export-id=\"blog-section\" data-category=\"latest_news\" class=\"blog-section blog-section-standard content-section content-section-spacing\"><div  class=\"gridContainer\"> <div  class=\"row\"><div  data-type=\"column\" class=\"section-title-col\"> <h2  class=\"\">Noticias y Recursos AHP_Impacto<\/h2> <p  class=\"lead\">A continuaci\u00f3n puedes conocer las noticias, proyectos y recursos en los que estamos trabajando en la actualidad y que forman parte de la actividad de nuestra entidad.<\/p><\/div> <\/div> <div  class=\"row\"> <div  data-type=\"row\" data-dynamic-columns=\"handled\" data-content-shortcode=\"mesmerize_latest_news\">\t\t<div class=\"row center-sm content-left-sm\">\n\t\t\t\t\t<div id=\"post-1966\" class=\"col-sm-6 col-md-4 space-bottom space-bottom-xs\">\n\t\t\t\t<div class=\"post-content card y-move bordered\">\n\t\t\t\t\t<div class=\"post-thumbnail\">\n   <a href=\"https:\/\/ahpimpacto.es\/?p=1966\" class=\"post-list-item-thumb \">\n      <img fetchpriority=\"high\" decoding=\"async\" width=\"1024\" height=\"1024\" src=\"https:\/\/ahpimpacto.es\/wp-content\/uploads\/2025\/12\/empresasocialvsONG-1024x1024.png\" class=\"attachment-post-thumbnail size-post-thumbnail wp-post-image\" alt=\"\" srcset=\"https:\/\/ahpimpacto.es\/wp-content\/uploads\/2025\/12\/empresasocialvsONG-1024x1024.png 1024w, https:\/\/ahpimpacto.es\/wp-content\/uploads\/2025\/12\/empresasocialvsONG-300x300.png 300w, https:\/\/ahpimpacto.es\/wp-content\/uploads\/2025\/12\/empresasocialvsONG-150x150.png 150w, https:\/\/ahpimpacto.es\/wp-content\/uploads\/2025\/12\/empresasocialvsONG-768x768.png 768w, https:\/\/ahpimpacto.es\/wp-content\/uploads\/2025\/12\/empresasocialvsONG-600x600.png 600w, https:\/\/ahpimpacto.es\/wp-content\/uploads\/2025\/12\/empresasocialvsONG-100x100.png 100w, https:\/\/ahpimpacto.es\/wp-content\/uploads\/2025\/12\/empresasocialvsONG.png 1080w\" sizes=\"(max-width: 1024px) 100vw, 1024px\" \/>   <\/a>\n<\/div>\n\t\t\t\t\t<div class=\"col-padding col-padding-xs\">\n\t\t\t\t\t\t<h3 class=\"post-title space-bottom-small\">\n\t\t\t\t\t\t\t<a href=\"https:\/\/ahpimpacto.es\/?p=1966\" rel=\"bookmark\">\n\t\t\t\t\t\t\t\tEmpresa Social vs ONG &#8211; \u00bfCu\u00e1l es el modelo indicado para tu proyecto?\t\t\t\t\t\t\t<\/a>\n\t\t\t\t\t\t<\/h3>\n\t\t\t\t\t\t<p>\u00bfTienes una idea que transforme vidas pero no sabes qu\u00e9 estructura legal elegir? Te lo explico.&nbsp;\ud83d\ude80 Si est\u00e1s considerando lanzar un proyecto de impacto social, seguramente te has preguntado: \u00bfdebo[&hellip;]<\/p>\n\t\t\t\t\t\t<a class=\"read-more link\" href=\"https:\/\/ahpimpacto.es\/?p=1966\">\n\t\t\t\t\t\t\tRead more\t\t\t\t\t\t<\/a>\n\t\t\t\t\t<\/div>\n\t\t\t\t<\/div>\n\t\t\t<\/div>\n\t\t\t\t\t\t<div id=\"post-1962\" class=\"col-sm-6 col-md-4 space-bottom space-bottom-xs\">\n\t\t\t\t<div class=\"post-content card y-move bordered\">\n\t\t\t\t\t<div class=\"post-thumbnail\">\n   <a href=\"https:\/\/ahpimpacto.es\/?p=1962\" class=\"post-list-item-thumb \">\n      <img decoding=\"async\" width=\"1024\" height=\"1024\" src=\"https:\/\/ahpimpacto.es\/wp-content\/uploads\/2025\/12\/competenciastecnicosong-1024x1024.png\" class=\"attachment-post-thumbnail size-post-thumbnail wp-post-image\" alt=\"\" srcset=\"https:\/\/ahpimpacto.es\/wp-content\/uploads\/2025\/12\/competenciastecnicosong-1024x1024.png 1024w, https:\/\/ahpimpacto.es\/wp-content\/uploads\/2025\/12\/competenciastecnicosong-300x300.png 300w, https:\/\/ahpimpacto.es\/wp-content\/uploads\/2025\/12\/competenciastecnicosong-150x150.png 150w, https:\/\/ahpimpacto.es\/wp-content\/uploads\/2025\/12\/competenciastecnicosong-768x768.png 768w, https:\/\/ahpimpacto.es\/wp-content\/uploads\/2025\/12\/competenciastecnicosong-600x600.png 600w, https:\/\/ahpimpacto.es\/wp-content\/uploads\/2025\/12\/competenciastecnicosong-100x100.png 100w, https:\/\/ahpimpacto.es\/wp-content\/uploads\/2025\/12\/competenciastecnicosong.png 1080w\" sizes=\"(max-width: 1024px) 100vw, 1024px\" \/>   <\/a>\n<\/div>\n\t\t\t\t\t<div class=\"col-padding col-padding-xs\">\n\t\t\t\t\t\t<h3 class=\"post-title space-bottom-small\">\n\t\t\t\t\t\t\t<a href=\"https:\/\/ahpimpacto.es\/?p=1962\" rel=\"bookmark\">\n\t\t\t\t\t\t\t\t\ud83e\udde1 El \u00abtriaje\u00bb del liderazgo social: Al buen coraz\u00f3n, hay que a\u00f1adirle una \u00abpizca\u00bb de raz\u00f3n. \u2139\ufe0f\t\t\t\t\t\t\t<\/a>\n\t\t\t\t\t\t<\/h3>\n\t\t\t\t\t\t<p>Ayer reflexion\u00e1bamos sobre la importancia del liderazgo en las entidades sociales. Hoy quiero dar un paso m\u00e1s y aterrizar esa idea: \u00bfQu\u00e9 define, en la pr\u00e1ctica, a un CEO efectivo[&hellip;]<\/p>\n\t\t\t\t\t\t<a class=\"read-more link\" href=\"https:\/\/ahpimpacto.es\/?p=1962\">\n\t\t\t\t\t\t\tRead more\t\t\t\t\t\t<\/a>\n\t\t\t\t\t<\/div>\n\t\t\t\t<\/div>\n\t\t\t<\/div>\n\t\t\t\t\t\t<div id=\"post-1959\" class=\"col-sm-6 col-md-4 space-bottom space-bottom-xs\">\n\t\t\t\t<div class=\"post-content card y-move bordered\">\n\t\t\t\t\t<div class=\"post-thumbnail\">\n   <a href=\"https:\/\/ahpimpacto.es\/?p=1959\" class=\"post-list-item-thumb \">\n      <img decoding=\"async\" width=\"1024\" height=\"1024\" src=\"https:\/\/ahpimpacto.es\/wp-content\/uploads\/2025\/12\/liderazgo_ONG-1024x1024.png\" class=\"attachment-post-thumbnail size-post-thumbnail wp-post-image\" alt=\"\" srcset=\"https:\/\/ahpimpacto.es\/wp-content\/uploads\/2025\/12\/liderazgo_ONG-1024x1024.png 1024w, https:\/\/ahpimpacto.es\/wp-content\/uploads\/2025\/12\/liderazgo_ONG-300x300.png 300w, https:\/\/ahpimpacto.es\/wp-content\/uploads\/2025\/12\/liderazgo_ONG-150x150.png 150w, https:\/\/ahpimpacto.es\/wp-content\/uploads\/2025\/12\/liderazgo_ONG-768x768.png 768w, https:\/\/ahpimpacto.es\/wp-content\/uploads\/2025\/12\/liderazgo_ONG-600x600.png 600w, https:\/\/ahpimpacto.es\/wp-content\/uploads\/2025\/12\/liderazgo_ONG-100x100.png 100w, https:\/\/ahpimpacto.es\/wp-content\/uploads\/2025\/12\/liderazgo_ONG.png 1080w\" sizes=\"(max-width: 1024px) 100vw, 1024px\" \/>   <\/a>\n<\/div>\n\t\t\t\t\t<div class=\"col-padding col-padding-xs\">\n\t\t\t\t\t\t<h3 class=\"post-title space-bottom-small\">\n\t\t\t\t\t\t\t<a href=\"https:\/\/ahpimpacto.es\/?p=1959\" rel=\"bookmark\">\n\t\t\t\t\t\t\t\t\ud83d\udcaa Liderar en el Tercer Sector: Mucho m\u00e1s que buenas intenciones.\t\t\t\t\t\t\t<\/a>\n\t\t\t\t\t\t<\/h3>\n\t\t\t\t\t\t<p>A lo largo de mi trayectoria como farmac\u00e9utico y especialista en salud p\u00fablica, he aprendido que la vocaci\u00f3n de servicio es el motor, pero la gesti\u00f3n estrat\u00e9gica es el volante.[&hellip;]<\/p>\n\t\t\t\t\t\t<a class=\"read-more link\" href=\"https:\/\/ahpimpacto.es\/?p=1959\">\n\t\t\t\t\t\t\tRead more\t\t\t\t\t\t<\/a>\n\t\t\t\t\t<\/div>\n\t\t\t\t<\/div>\n\t\t\t<\/div>\n\t\t\t\t<\/div>\n\t<\/div><\/div> <div  class=\"row\"><div  class=\"text-center\"> <a  class=\"button color1\" data-attr-shortcode=\"href:mesmerize_blog_link\" href=\"https:\/\/ahpimpacto.es\/?page_id=1575\">VER TODAS LAS NOTICIAS<\/a><\/div> <\/div><\/div><\/div><div  id=\"counters-2\" style=\"background-color: #f5fafd;\" data-label=\"Counters\" data-id=\"counters-2\" data-export-id=\"counters-2\" data-category=\"counters\" class=\"counters-2 content-section content-section-spacing\"><div  class=\"gridContainer\"> <div  class=\"row text-center\"><div  class=\"section-title-col\" data-type=\"column\"> <h2  class=\"\">Las cifras de nuestro equipo en el \u00e1mbito social<\/h2> <p  class=\"lead\">Nuestro equipo lleva trabajando m\u00e1s de 20 a\u00f1os en el contexto de la econom\u00eda y la atenci\u00f3n social, a trav\u00e9s de diferentes entidades privadas del sector empresarial y del tercer sector.<\/p><\/div> <\/div> <div  class=\"row\" data-type=\"row\"> <div  class=\"col-xs-12 col-sm-4 text-center space-bottom\"> <i  class=\"fa fa-envira icon color1\"><\/i> <h3  class=\"font-400\" data-min=\"0\" data-max=\"80\" data-duration=\"2000\" data-prefix=\"\" data-suffix=\"+\" data-countup=\"true\" style=\"display: inline-block;\"><\/h3> <h5  class=\"upper color2\">pROYECTOS REALIZADOS<\/h5><\/div> <div  class=\"col-xs-12 col-sm-4 text-center space-bottom\"><i  class=\"fa fa-smile-o icon color1\"><\/i> <h3  class=\"font-400\" data-min=\"10\" data-max=\"150\" data-duration=\"2000\" data-prefix=\"\" data-suffix=\"+\" data-countup=\"true\" style=\"display: inline-block;\"><\/h3> <h5  class=\"upper color2\">ENTIDADES CON LAS QUE HEMOS TRABAJADO<\/h5><\/div> <div  class=\"col-xs-12 col-sm-4 text-center space-bottom\"><i  class=\"fa fa-trophy icon color1\"><\/i> <h3  class=\"font-400\" data-min=\"0\" data-max=\"12\" data-duration=\"2000\" data-prefix=\"\" data-suffix=\"\" data-countup=\"true\" style=\"display: inline-block;\"><\/h3> <h5  class=\"upper color2\">Reconocimientos<\/h5><\/div> <\/div><\/div> <\/div><div  id=\"team-2\" style=\"background-color: #ffffff;\" data-label=\"Team\" data-id=\"team-2\" data-export-id=\"team-2\" data-category=\"team\" class=\"team-2 content-section content-section-spacing\"><div  class=\"gridContainer\"> <div  class=\"row text-center\"><div  class=\"section-title-col\" data-type=\"column\"> <h2  class=\"\">Nuestro Equipo<\/h2> <p  class=\"lead\">A continuaci\u00f3n de mostramos nuestro equipo con muchos a\u00f1os de experiencia en el campo de la gesti\u00f3n de ONG sanitarias y de desarrollo productivo.<\/p><\/div> <\/div> <div  class=\"row spaced-cols content-center-sm center-sm\" data-type=\"row\"> <div  class=\"col-sm-6 col-md-3\"> <div  class=\"card y-move no-padding bordered\"> <img  decoding=\"async\" class=\"face\" src=\"https:\/\/ahpimpacto.es\/wp-content\/uploads\/2022\/10\/cropped-ruth_parra-removebg-preview.png\" title=\"cropped-ruth_parra-removebg-preview.png\" alt=\"\"> <div  data-type=\"column\" class=\"col-padding-small col-padding-small-xs description-container\"> <h4  class=\"font-500\">Ruth Isabel Parra Atiencia<\/h4> <p  class=\"small\" style=\"font-style: italic;\">CEO Fundadora<\/p> <div  class=\"social-icons-group\" data-type=\"group\"> <a href=\"https:\/\/www.facebook.com\/ruthisabel.parraatiencia\" target=\"_self\" rel=\"noopener\" class=\"\"><i  class=\"gray fa icon fa-facebook-square\"><\/i><\/a> <a href=\"https:\/\/twitter.com\/Ruth3873\" target=\"_blank\" rel=\"noopener\" class=\"\"><i  class=\"gray fa icon fa-twitter-square\"><\/i><\/a> <a href=\"https:\/\/www.linkedin.com\/in\/ruth-isabel-parra-atiencia-a1b74512b\" target=\"_blank\" rel=\"noopener\" class=\"\"><i  class=\"gray fa icon fa-linkedin-square\"><\/i><\/a> <a href=\"#\" target=\"_self\" data-reiki-hidden=\"true\" rel=\"noopener\"><i  class=\"gray fa icon fa-google-plus-square\"><\/i><\/a><\/div> <\/div><\/div> <\/div> <div  class=\"col-sm-6 col-md-3\"> <div  class=\"card y-move no-padding bordered\"> <img  decoding=\"async\" class=\"face\" src=\"https:\/\/ahpimpacto.es\/wp-content\/uploads\/2022\/09\/cropped-fotoangel.jpg\" title=\"cropped-fotoangel.jpg\" alt=\"\"> <div  data-type=\"column\" class=\"col-padding-small col-padding-small-xs description-container\"> <h4  class=\"font-500\">\u00c1ngel Acisclo Hu\u00e9lamo Villanueva<\/h4> <p  class=\"small\" style=\"font-style: italic;\">CEO Fundador<\/p> <div  class=\"social-icons-group\" data-type=\"group\"> <a href=\"https:\/\/www.facebook.com\/angelacisclohuelamo\" target=\"_blank\" rel=\"noopener\" class=\"\"><i  class=\"gray fa icon fa-facebook-square\"><\/i><\/a> <a href=\"https:\/\/twitter.com\/angelhuelamo\" target=\"_blank\" rel=\"noopener\" class=\"\"><i  class=\"gray fa icon fa-twitter-square\"><\/i><\/a> <a href=\"https:\/\/www.linkedin.com\/in\/angelacisclohuelamovillanueva\" target=\"_blank\" rel=\"noopener\" class=\"\"><i  class=\"gray fa icon fa-linkedin-square\"><\/i><\/a> <a href=\"https:\/\/www.instagram.com\/angelacisclohuelamo\" target=\"_blank\" rel=\"noopener\" class=\"\"><i  class=\"gray fa icon fa-instagram\"><\/i><\/a><\/div> <\/div><\/div> <\/div>      <\/div> <\/div><\/div>","protected":false},"excerpt":{"rendered":"<p>FORMACI\u00d3N Una buena formaci\u00f3n es el punto de partida de una gesti\u00f3n sostenible. Desde AHP_Impacto te ofrecemos planes personalizados de formaci\u00f3n en el \u00e1mbito de la gesti\u00f3n y la ejecuci\u00f3n de proyectos.&nbsp; GESTI\u00d3N Y PROYECTOS Nuestra experiancia de m\u00e1s de veinte a\u00f1os en el sector ONG nos avala a la hora de gestionar el ciclo&hellip; <br \/> <a class=\"read-more\" href=\"https:\/\/ahpimpacto.es\/?p=1959\">Leer m\u00e1s<\/a><\/p>\n","protected":false},"author":1,"featured_media":0,"parent":0,"menu_order":0,"comment_status":"closed","ping_status":"closed","template":"page-templates\/homepage.php","meta":{"footnotes":""},"class_list":["post-1574","page","type-page","status-publish","hentry"],"aioseo_notices":[],"jetpack_sharing_enabled":true,"_links":{"self":[{"href":"https:\/\/ahpimpacto.es\/index.php?rest_route=\/wp\/v2\/pages\/1574","targetHints":{"allow":["GET"]}}],"collection":[{"href":"https:\/\/ahpimpacto.es\/index.php?rest_route=\/wp\/v2\/pages"}],"about":[{"href":"https:\/\/ahpimpacto.es\/index.php?rest_route=\/wp\/v2\/types\/page"}],"author":[{"embeddable":true,"href":"https:\/\/ahpimpacto.es\/index.php?rest_route=\/wp\/v2\/users\/1"}],"replies":[{"embeddable":true,"href":"https:\/\/ahpimpacto.es\/index.php?rest_route=%2Fwp%2Fv2%2Fcomments&post=1574"}],"version-history":[{"count":26,"href":"https:\/\/ahpimpacto.es\/index.php?rest_route=\/wp\/v2\/pages\/1574\/revisions"}],"predecessor-version":[{"id":1868,"href":"https:\/\/ahpimpacto.es\/index.php?rest_route=\/wp\/v2\/pages\/1574\/revisions\/1868"}],"wp:attachment":[{"href":"https:\/\/ahpimpacto.es\/index.php?rest_route=%2Fwp%2Fv2%2Fmedia&parent=1574"}],"curies":[{"name":"wp","href":"https:\/\/api.w.org\/{rel}","templated":true}]}}