{"id":15,"date":"2021-06-18T12:44:02","date_gmt":"2021-06-18T12:44:02","guid":{"rendered":"http:\/\/ahpimpacto.es\/?page_id=15"},"modified":"2026-02-07T13:14:21","modified_gmt":"2026-02-07T13:14:21","slug":"blog","status":"publish","type":"page","link":"https:\/\/ahpimpacto.es\/?page_id=15","title":{"rendered":"Blog Boticario Social"},"content":{"rendered":"<div class=\"wp-block-image\">\n<figure class=\"aligncenter size-full\"><img fetchpriority=\"high\" decoding=\"async\" width=\"940\" height=\"694\" src=\"https:\/\/ahpimpacto.es\/wp-content\/uploads\/2026\/02\/logotip_blog.png\" alt=\"\" class=\"wp-image-1970\" style=\"aspect-ratio:1.3544973544973544\" srcset=\"https:\/\/ahpimpacto.es\/wp-content\/uploads\/2026\/02\/logotip_blog.png 940w, https:\/\/ahpimpacto.es\/wp-content\/uploads\/2026\/02\/logotip_blog-300x221.png 300w, https:\/\/ahpimpacto.es\/wp-content\/uploads\/2026\/02\/logotip_blog-768x567.png 768w, https:\/\/ahpimpacto.es\/wp-content\/uploads\/2026\/02\/logotip_blog-600x443.png 600w\" sizes=\"(max-width: 940px) 100vw, 940px\" \/><\/figure>\n<\/div>\n\n\n<div class=\"wp-block-group alignfull\"><div class=\"wp-block-group__inner-container is-layout-flow wp-block-group-is-layout-flow\">\n<h2 class=\"wp-block-heading has-text-align-left has-ast-global-color-3-color has-text-color has-medium-font-size\" id=\"aqui-os-dejamos-el-blog-de-las-personas-que-forman-parte-de-ahp-impacto-con-los-post-mas-destacados-que-publican-en-distintos-sitios-web\"><strong>En esta p\u00e1gina <\/strong>encontrar\u00e1s el blog de nuestro equipo, en el que trataremos temas de salud y sociedad.<\/h2>\n<\/div><\/div>\n\n\n\n<div class=\"wp-block-group alignfull has-ast-global-color-6-background-color has-background\"><div class=\"wp-block-group__inner-container is-layout-flow wp-block-group-is-layout-flow\">\n<div class=\"wp-block-group\"><div class=\"wp-block-group__inner-container is-layout-constrained wp-block-group-is-layout-constrained\"><\/div><\/div>\n\n\n\n<div class=\"wp-block-group\"><div class=\"wp-block-group__inner-container is-layout-constrained wp-block-group-is-layout-constrained\"><ul class=\"wp-block-latest-posts__list is-grid columns-3 has-dates has-author wp-block-latest-posts\"><li><div class=\"wp-block-latest-posts__featured-image\"><img decoding=\"async\" width=\"300\" height=\"300\" src=\"https:\/\/ahpimpacto.es\/wp-content\/uploads\/2025\/12\/empresasocialvsONG-300x300.png\" class=\"attachment-medium size-medium wp-post-image\" alt=\"\" style=\"\" srcset=\"https:\/\/ahpimpacto.es\/wp-content\/uploads\/2025\/12\/empresasocialvsONG-300x300.png 300w, https:\/\/ahpimpacto.es\/wp-content\/uploads\/2025\/12\/empresasocialvsONG-1024x1024.png 1024w, https:\/\/ahpimpacto.es\/wp-content\/uploads\/2025\/12\/empresasocialvsONG-150x150.png 150w, https:\/\/ahpimpacto.es\/wp-content\/uploads\/2025\/12\/empresasocialvsONG-768x768.png 768w, https:\/\/ahpimpacto.es\/wp-content\/uploads\/2025\/12\/empresasocialvsONG-600x600.png 600w, https:\/\/ahpimpacto.es\/wp-content\/uploads\/2025\/12\/empresasocialvsONG-100x100.png 100w, https:\/\/ahpimpacto.es\/wp-content\/uploads\/2025\/12\/empresasocialvsONG.png 1080w\" sizes=\"(max-width: 300px) 100vw, 300px\" \/><\/div><a class=\"wp-block-latest-posts__post-title\" href=\"https:\/\/ahpimpacto.es\/?p=1966\">Empresa Social vs ONG &#8211; \u00bfCu\u00e1l es el modelo indicado para tu proyecto?<\/a><div class=\"wp-block-latest-posts__post-author\">por angel.acisclo@gmail.com<\/div><time datetime=\"2025-12-11T09:42:49+00:00\" class=\"wp-block-latest-posts__post-date\">11 de diciembre de 2025<\/time><\/li>\n<li><div class=\"wp-block-latest-posts__featured-image\"><img decoding=\"async\" width=\"300\" height=\"300\" src=\"https:\/\/ahpimpacto.es\/wp-content\/uploads\/2025\/12\/competenciastecnicosong-300x300.png\" class=\"attachment-medium size-medium wp-post-image\" alt=\"\" style=\"\" srcset=\"https:\/\/ahpimpacto.es\/wp-content\/uploads\/2025\/12\/competenciastecnicosong-300x300.png 300w, https:\/\/ahpimpacto.es\/wp-content\/uploads\/2025\/12\/competenciastecnicosong-1024x1024.png 1024w, https:\/\/ahpimpacto.es\/wp-content\/uploads\/2025\/12\/competenciastecnicosong-150x150.png 150w, https:\/\/ahpimpacto.es\/wp-content\/uploads\/2025\/12\/competenciastecnicosong-768x768.png 768w, https:\/\/ahpimpacto.es\/wp-content\/uploads\/2025\/12\/competenciastecnicosong-600x600.png 600w, https:\/\/ahpimpacto.es\/wp-content\/uploads\/2025\/12\/competenciastecnicosong-100x100.png 100w, https:\/\/ahpimpacto.es\/wp-content\/uploads\/2025\/12\/competenciastecnicosong.png 1080w\" sizes=\"(max-width: 300px) 100vw, 300px\" \/><\/div><a class=\"wp-block-latest-posts__post-title\" href=\"https:\/\/ahpimpacto.es\/?p=1962\">\ud83e\udde1 El \u00abtriaje\u00bb del liderazgo social: Al buen coraz\u00f3n, hay que a\u00f1adirle una \u00abpizca\u00bb de raz\u00f3n. \u2139\ufe0f<\/a><div class=\"wp-block-latest-posts__post-author\">por angel.acisclo@gmail.com<\/div><time datetime=\"2025-12-03T11:05:40+00:00\" class=\"wp-block-latest-posts__post-date\">3 de diciembre de 2025<\/time><\/li>\n<li><div class=\"wp-block-latest-posts__featured-image\"><img loading=\"lazy\" decoding=\"async\" width=\"300\" height=\"300\" src=\"https:\/\/ahpimpacto.es\/wp-content\/uploads\/2025\/12\/liderazgo_ONG-300x300.png\" class=\"attachment-medium size-medium wp-post-image\" alt=\"\" style=\"\" srcset=\"https:\/\/ahpimpacto.es\/wp-content\/uploads\/2025\/12\/liderazgo_ONG-300x300.png 300w, https:\/\/ahpimpacto.es\/wp-content\/uploads\/2025\/12\/liderazgo_ONG-1024x1024.png 1024w, https:\/\/ahpimpacto.es\/wp-content\/uploads\/2025\/12\/liderazgo_ONG-150x150.png 150w, https:\/\/ahpimpacto.es\/wp-content\/uploads\/2025\/12\/liderazgo_ONG-768x768.png 768w, https:\/\/ahpimpacto.es\/wp-content\/uploads\/2025\/12\/liderazgo_ONG-600x600.png 600w, https:\/\/ahpimpacto.es\/wp-content\/uploads\/2025\/12\/liderazgo_ONG-100x100.png 100w, https:\/\/ahpimpacto.es\/wp-content\/uploads\/2025\/12\/liderazgo_ONG.png 1080w\" sizes=\"(max-width: 300px) 100vw, 300px\" \/><\/div><a class=\"wp-block-latest-posts__post-title\" href=\"https:\/\/ahpimpacto.es\/?p=1959\">\ud83d\udcaa Liderar en el Tercer Sector: Mucho m\u00e1s que buenas intenciones.<\/a><div class=\"wp-block-latest-posts__post-author\">por angel.acisclo@gmail.com<\/div><time datetime=\"2025-12-03T09:39:34+00:00\" class=\"wp-block-latest-posts__post-date\">3 de diciembre de 2025<\/time><\/li>\n<li><div class=\"wp-block-latest-posts__featured-image\"><img loading=\"lazy\" decoding=\"async\" width=\"300\" height=\"300\" src=\"https:\/\/ahpimpacto.es\/wp-content\/uploads\/2025\/11\/Resiliencia_ONGD-300x300.png\" class=\"attachment-medium size-medium wp-post-image\" alt=\"\" style=\"\" srcset=\"https:\/\/ahpimpacto.es\/wp-content\/uploads\/2025\/11\/Resiliencia_ONGD-300x300.png 300w, https:\/\/ahpimpacto.es\/wp-content\/uploads\/2025\/11\/Resiliencia_ONGD-1024x1024.png 1024w, https:\/\/ahpimpacto.es\/wp-content\/uploads\/2025\/11\/Resiliencia_ONGD-150x150.png 150w, https:\/\/ahpimpacto.es\/wp-content\/uploads\/2025\/11\/Resiliencia_ONGD-768x768.png 768w, https:\/\/ahpimpacto.es\/wp-content\/uploads\/2025\/11\/Resiliencia_ONGD-600x600.png 600w, https:\/\/ahpimpacto.es\/wp-content\/uploads\/2025\/11\/Resiliencia_ONGD-100x100.png 100w, https:\/\/ahpimpacto.es\/wp-content\/uploads\/2025\/11\/Resiliencia_ONGD.png 1080w\" sizes=\"(max-width: 300px) 100vw, 300px\" \/><\/div><a class=\"wp-block-latest-posts__post-title\" href=\"https:\/\/ahpimpacto.es\/?p=1951\">Resiliencia en Acci\u00f3n Social: la competencia estrat\u00e9gica que sostiene al Tercer Sector<\/a><div class=\"wp-block-latest-posts__post-author\">por angel.acisclo@gmail.com<\/div><time datetime=\"2025-11-20T12:01:13+00:00\" class=\"wp-block-latest-posts__post-date\">20 de noviembre de 2025<\/time><\/li>\n<li><div class=\"wp-block-latest-posts__featured-image\"><img loading=\"lazy\" decoding=\"async\" width=\"300\" height=\"190\" src=\"https:\/\/ahpimpacto.es\/wp-content\/uploads\/2024\/12\/iceberg-300x190.jpg\" class=\"attachment-medium size-medium wp-post-image\" alt=\"\" style=\"\" srcset=\"https:\/\/ahpimpacto.es\/wp-content\/uploads\/2024\/12\/iceberg-300x190.jpg 300w, https:\/\/ahpimpacto.es\/wp-content\/uploads\/2024\/12\/iceberg-768x488.jpg 768w, https:\/\/ahpimpacto.es\/wp-content\/uploads\/2024\/12\/iceberg-600x381.jpg 600w, https:\/\/ahpimpacto.es\/wp-content\/uploads\/2024\/12\/iceberg.jpg 934w\" sizes=\"(max-width: 300px) 100vw, 300px\" \/><\/div><a class=\"wp-block-latest-posts__post-title\" href=\"https:\/\/ahpimpacto.es\/?p=1937\">\ud83c\udf0a La gesti\u00f3n de proyectos sociales: el iceberg del trabajo en vulnerabilidad \ud83e\uddca<\/a><div class=\"wp-block-latest-posts__post-author\">por Angel Acisclo Hu\u00e9lamo Villanueva<\/div><time datetime=\"2024-12-04T18:38:56+00:00\" class=\"wp-block-latest-posts__post-date\">4 de diciembre de 2024<\/time><\/li>\n<li><div class=\"wp-block-latest-posts__featured-image\"><img loading=\"lazy\" decoding=\"async\" width=\"300\" height=\"300\" src=\"https:\/\/ahpimpacto.es\/wp-content\/uploads\/2024\/12\/Dia-Internacional-de-la-discapacidad-1-300x300.png\" class=\"attachment-medium size-medium wp-post-image\" alt=\"\" style=\"\" srcset=\"https:\/\/ahpimpacto.es\/wp-content\/uploads\/2024\/12\/Dia-Internacional-de-la-discapacidad-1-300x300.png 300w, https:\/\/ahpimpacto.es\/wp-content\/uploads\/2024\/12\/Dia-Internacional-de-la-discapacidad-1-1024x1024.png 1024w, https:\/\/ahpimpacto.es\/wp-content\/uploads\/2024\/12\/Dia-Internacional-de-la-discapacidad-1-150x150.png 150w, https:\/\/ahpimpacto.es\/wp-content\/uploads\/2024\/12\/Dia-Internacional-de-la-discapacidad-1-768x768.png 768w, https:\/\/ahpimpacto.es\/wp-content\/uploads\/2024\/12\/Dia-Internacional-de-la-discapacidad-1-600x600.png 600w, https:\/\/ahpimpacto.es\/wp-content\/uploads\/2024\/12\/Dia-Internacional-de-la-discapacidad-1-100x100.png 100w, https:\/\/ahpimpacto.es\/wp-content\/uploads\/2024\/12\/Dia-Internacional-de-la-discapacidad-1.png 1080w\" sizes=\"(max-width: 300px) 100vw, 300px\" \/><\/div><a class=\"wp-block-latest-posts__post-title\" href=\"https:\/\/ahpimpacto.es\/?p=1934\">\ud83c\udf0d Promoci\u00f3n de la salud, acci\u00f3n comunitaria e inclusi\u00f3n: un compromiso compartido \ud83d\udc99<\/a><div class=\"wp-block-latest-posts__post-author\">por Angel Acisclo Hu\u00e9lamo Villanueva<\/div><time datetime=\"2024-12-04T11:10:43+00:00\" class=\"wp-block-latest-posts__post-date\">4 de diciembre de 2024<\/time><\/li>\n<\/ul><\/div><\/div>\n<\/div><\/div>\n","protected":false},"excerpt":{"rendered":"<p>En esta p\u00e1gina encontrar\u00e1s el blog de nuestro equipo, en el que trataremos temas de salud y sociedad.<\/p>\n","protected":false},"author":1,"featured_media":0,"parent":0,"menu_order":0,"comment_status":"closed","ping_status":"closed","template":"","meta":{"footnotes":""},"class_list":["post-15","page","type-page","status-publish","hentry"],"aioseo_notices":[],"jetpack_sharing_enabled":true,"_links":{"self":[{"href":"https:\/\/ahpimpacto.es\/index.php?rest_route=\/wp\/v2\/pages\/15","targetHints":{"allow":["GET"]}}],"collection":[{"href":"https:\/\/ahpimpacto.es\/index.php?rest_route=\/wp\/v2\/pages"}],"about":[{"href":"https:\/\/ahpimpacto.es\/index.php?rest_route=\/wp\/v2\/types\/page"}],"author":[{"embeddable":true,"href":"https:\/\/ahpimpacto.es\/index.php?rest_route=\/wp\/v2\/users\/1"}],"replies":[{"embeddable":true,"href":"https:\/\/ahpimpacto.es\/index.php?rest_route=%2Fwp%2Fv2%2Fcomments&post=15"}],"version-history":[{"count":13,"href":"https:\/\/ahpimpacto.es\/index.php?rest_route=\/wp\/v2\/pages\/15\/revisions"}],"predecessor-version":[{"id":1973,"href":"https:\/\/ahpimpacto.es\/index.php?rest_route=\/wp\/v2\/pages\/15\/revisions\/1973"}],"wp:attachment":[{"href":"https:\/\/ahpimpacto.es\/index.php?rest_route=%2Fwp%2Fv2%2Fmedia&parent=15"}],"curies":[{"name":"wp","href":"https:\/\/api.w.org\/{rel}","templated":true}]}}