{"id":11,"date":"2021-06-18T12:43:19","date_gmt":"2021-06-18T12:43:19","guid":{"rendered":"http:\/\/ahpimpacto.es\/?page_id=11"},"modified":"2024-11-28T12:41:48","modified_gmt":"2024-11-28T12:41:48","slug":"about","status":"publish","type":"page","link":"https:\/\/ahpimpacto.es\/?page_id=11","title":{"rendered":"Sobre Nosotros"},"content":{"rendered":"\n<div class=\"wp-block-group alignfull\"><div class=\"wp-block-group__inner-container is-layout-flow wp-block-group-is-layout-flow\"><\/div><\/div>\n\n\n\n<h2 class=\"wp-block-heading has-text-align-center has-ast-global-color-3-color has-text-color\">Las personas de nuestro equipo llevan en el sector no lucrativo 23 a\u00f1os, dise\u00f1ando proyectos de salud y desarrollo que son referencia en el sector de la cooperaci\u00f3n sanitaria y el desarrollo productivo<\/h2>\n\n\n\n<p><\/p>\n\n\n\n<div class=\"wp-block-group alignfull\"><div class=\"wp-block-group__inner-container is-layout-flow wp-block-group-is-layout-flow\">\n<h6 class=\"wp-block-heading has-text-align-center\"><\/h6>\n\n\n\n<div class=\"wp-block-jetpack-slideshow aligncenter\" data-effect=\"fade\"><div class=\"wp-block-jetpack-slideshow_container swiper-container\"><ul class=\"wp-block-jetpack-slideshow_swiper-wrapper swiper-wrapper\"><li class=\"wp-block-jetpack-slideshow_slide swiper-slide\"><figure><img fetchpriority=\"high\" decoding=\"async\" width=\"2048\" height=\"1152\" alt=\"\" class=\"wp-block-jetpack-slideshow_image wp-image-1930\" data-id=\"1930\" src=\"http:\/\/ahpimpacto.es\/wp-content\/uploads\/2024\/11\/amasap1-2.jpg\" srcset=\"https:\/\/ahpimpacto.es\/wp-content\/uploads\/2024\/11\/amasap1-2.jpg 2048w, https:\/\/ahpimpacto.es\/wp-content\/uploads\/2024\/11\/amasap1-2-300x169.jpg 300w, https:\/\/ahpimpacto.es\/wp-content\/uploads\/2024\/11\/amasap1-2-1024x576.jpg 1024w, https:\/\/ahpimpacto.es\/wp-content\/uploads\/2024\/11\/amasap1-2-768x432.jpg 768w, https:\/\/ahpimpacto.es\/wp-content\/uploads\/2024\/11\/amasap1-2-1536x864.jpg 1536w, https:\/\/ahpimpacto.es\/wp-content\/uploads\/2024\/11\/amasap1-2-1920x1080.jpg 1920w, https:\/\/ahpimpacto.es\/wp-content\/uploads\/2024\/11\/amasap1-2-600x338.jpg 600w\" sizes=\"(max-width: 2048px) 100vw, 2048px\" \/><\/figure><\/li><li class=\"wp-block-jetpack-slideshow_slide swiper-slide\"><figure><img decoding=\"async\" width=\"1600\" height=\"1013\" alt=\"\" class=\"wp-block-jetpack-slideshow_image wp-image-1920\" data-id=\"1920\" src=\"http:\/\/ahpimpacto.es\/wp-content\/uploads\/2024\/11\/lavidaenunagota_logo-1.png\" srcset=\"https:\/\/ahpimpacto.es\/wp-content\/uploads\/2024\/11\/lavidaenunagota_logo-1.png 1600w, https:\/\/ahpimpacto.es\/wp-content\/uploads\/2024\/11\/lavidaenunagota_logo-1-300x190.png 300w, https:\/\/ahpimpacto.es\/wp-content\/uploads\/2024\/11\/lavidaenunagota_logo-1-1024x648.png 1024w, https:\/\/ahpimpacto.es\/wp-content\/uploads\/2024\/11\/lavidaenunagota_logo-1-768x486.png 768w, https:\/\/ahpimpacto.es\/wp-content\/uploads\/2024\/11\/lavidaenunagota_logo-1-1536x972.png 1536w, https:\/\/ahpimpacto.es\/wp-content\/uploads\/2024\/11\/lavidaenunagota_logo-1-600x380.png 600w\" sizes=\"(max-width: 1600px) 100vw, 1600px\" \/><\/figure><\/li><li class=\"wp-block-jetpack-slideshow_slide swiper-slide\"><figure><img decoding=\"async\" width=\"1279\" height=\"958\" alt=\"\" class=\"wp-block-jetpack-slideshow_image wp-image-1663\" data-id=\"1663\" src=\"http:\/\/ahpimpacto.es\/wp-content\/uploads\/2022\/10\/44ECFF0D-75D9-4A22-8BD8-C7B3445B1C46.jpg\" srcset=\"https:\/\/ahpimpacto.es\/wp-content\/uploads\/2022\/10\/44ECFF0D-75D9-4A22-8BD8-C7B3445B1C46.jpg 1279w, https:\/\/ahpimpacto.es\/wp-content\/uploads\/2022\/10\/44ECFF0D-75D9-4A22-8BD8-C7B3445B1C46-300x225.jpg 300w, https:\/\/ahpimpacto.es\/wp-content\/uploads\/2022\/10\/44ECFF0D-75D9-4A22-8BD8-C7B3445B1C46-1024x767.jpg 1024w, https:\/\/ahpimpacto.es\/wp-content\/uploads\/2022\/10\/44ECFF0D-75D9-4A22-8BD8-C7B3445B1C46-768x575.jpg 768w, https:\/\/ahpimpacto.es\/wp-content\/uploads\/2022\/10\/44ECFF0D-75D9-4A22-8BD8-C7B3445B1C46-600x449.jpg 600w\" sizes=\"(max-width: 1279px) 100vw, 1279px\" \/><\/figure><\/li><li class=\"wp-block-jetpack-slideshow_slide swiper-slide\"><figure><img loading=\"lazy\" decoding=\"async\" width=\"1500\" height=\"1000\" alt=\"\" class=\"wp-block-jetpack-slideshow_image wp-image-1921\" data-id=\"1921\" src=\"http:\/\/ahpimpacto.es\/wp-content\/uploads\/2024\/11\/SKR_2830_DM1500x1000.jpg\" srcset=\"https:\/\/ahpimpacto.es\/wp-content\/uploads\/2024\/11\/SKR_2830_DM1500x1000.jpg 1500w, https:\/\/ahpimpacto.es\/wp-content\/uploads\/2024\/11\/SKR_2830_DM1500x1000-300x200.jpg 300w, https:\/\/ahpimpacto.es\/wp-content\/uploads\/2024\/11\/SKR_2830_DM1500x1000-1024x683.jpg 1024w, https:\/\/ahpimpacto.es\/wp-content\/uploads\/2024\/11\/SKR_2830_DM1500x1000-768x512.jpg 768w, https:\/\/ahpimpacto.es\/wp-content\/uploads\/2024\/11\/SKR_2830_DM1500x1000-600x400.jpg 600w\" sizes=\"(max-width: 1500px) 100vw, 1500px\" \/><figcaption class=\"wp-block-jetpack-slideshow_caption gallery-caption\">II EIINOVA DAY<\/figcaption><\/figure><\/li><li class=\"wp-block-jetpack-slideshow_slide swiper-slide\"><figure><img loading=\"lazy\" decoding=\"async\" width=\"2048\" height=\"1536\" alt=\"\" class=\"wp-block-jetpack-slideshow_image wp-image-1664\" data-id=\"1664\" src=\"http:\/\/ahpimpacto.es\/wp-content\/uploads\/2022\/10\/fotoAMASAP.jpg\" srcset=\"https:\/\/ahpimpacto.es\/wp-content\/uploads\/2022\/10\/fotoAMASAP.jpg 2048w, https:\/\/ahpimpacto.es\/wp-content\/uploads\/2022\/10\/fotoAMASAP-300x225.jpg 300w, https:\/\/ahpimpacto.es\/wp-content\/uploads\/2022\/10\/fotoAMASAP-1024x768.jpg 1024w, https:\/\/ahpimpacto.es\/wp-content\/uploads\/2022\/10\/fotoAMASAP-768x576.jpg 768w, https:\/\/ahpimpacto.es\/wp-content\/uploads\/2022\/10\/fotoAMASAP-1536x1152.jpg 1536w, https:\/\/ahpimpacto.es\/wp-content\/uploads\/2022\/10\/fotoAMASAP-1440x1080.jpg 1440w, https:\/\/ahpimpacto.es\/wp-content\/uploads\/2022\/10\/fotoAMASAP-600x450.jpg 600w\" sizes=\"(max-width: 2048px) 100vw, 2048px\" \/><\/figure><\/li><li class=\"wp-block-jetpack-slideshow_slide swiper-slide\"><figure><img loading=\"lazy\" decoding=\"async\" width=\"1134\" height=\"759\" alt=\"\" class=\"wp-block-jetpack-slideshow_image wp-image-1665\" data-id=\"1665\" src=\"http:\/\/ahpimpacto.es\/wp-content\/uploads\/2022\/10\/Salud-Bienestar.jpg\" srcset=\"https:\/\/ahpimpacto.es\/wp-content\/uploads\/2022\/10\/Salud-Bienestar.jpg 1134w, https:\/\/ahpimpacto.es\/wp-content\/uploads\/2022\/10\/Salud-Bienestar-300x201.jpg 300w, https:\/\/ahpimpacto.es\/wp-content\/uploads\/2022\/10\/Salud-Bienestar-1024x685.jpg 1024w, https:\/\/ahpimpacto.es\/wp-content\/uploads\/2022\/10\/Salud-Bienestar-768x514.jpg 768w, https:\/\/ahpimpacto.es\/wp-content\/uploads\/2022\/10\/Salud-Bienestar-600x402.jpg 600w\" sizes=\"(max-width: 1134px) 100vw, 1134px\" \/><\/figure><\/li><li class=\"wp-block-jetpack-slideshow_slide swiper-slide\"><figure><img loading=\"lazy\" decoding=\"async\" width=\"809\" height=\"607\" alt=\"\" class=\"wp-block-jetpack-slideshow_image wp-image-1703\" data-id=\"1703\" src=\"http:\/\/ahpimpacto.es\/wp-content\/uploads\/2022\/10\/angelruth.jpg\" srcset=\"https:\/\/ahpimpacto.es\/wp-content\/uploads\/2022\/10\/angelruth.jpg 809w, https:\/\/ahpimpacto.es\/wp-content\/uploads\/2022\/10\/angelruth-300x225.jpg 300w, https:\/\/ahpimpacto.es\/wp-content\/uploads\/2022\/10\/angelruth-768x576.jpg 768w, https:\/\/ahpimpacto.es\/wp-content\/uploads\/2022\/10\/angelruth-600x450.jpg 600w\" sizes=\"(max-width: 809px) 100vw, 809px\" \/><\/figure><\/li><li class=\"wp-block-jetpack-slideshow_slide swiper-slide\"><figure><img loading=\"lazy\" decoding=\"async\" width=\"2560\" height=\"1441\" alt=\"\" class=\"wp-block-jetpack-slideshow_image wp-image-1821\" data-id=\"1821\" src=\"http:\/\/ahpimpacto.es\/wp-content\/uploads\/2024\/07\/1000035639-scaled.jpg\" srcset=\"https:\/\/ahpimpacto.es\/wp-content\/uploads\/2024\/07\/1000035639-scaled.jpg 2560w, https:\/\/ahpimpacto.es\/wp-content\/uploads\/2024\/07\/1000035639-300x169.jpg 300w, https:\/\/ahpimpacto.es\/wp-content\/uploads\/2024\/07\/1000035639-1024x576.jpg 1024w, https:\/\/ahpimpacto.es\/wp-content\/uploads\/2024\/07\/1000035639-768x432.jpg 768w, https:\/\/ahpimpacto.es\/wp-content\/uploads\/2024\/07\/1000035639-1536x864.jpg 1536w, https:\/\/ahpimpacto.es\/wp-content\/uploads\/2024\/07\/1000035639-2048x1153.jpg 2048w, https:\/\/ahpimpacto.es\/wp-content\/uploads\/2024\/07\/1000035639-1920x1080.jpg 1920w, https:\/\/ahpimpacto.es\/wp-content\/uploads\/2024\/07\/1000035639-600x338.jpg 600w\" sizes=\"(max-width: 2560px) 100vw, 2560px\" \/><\/figure><\/li><li class=\"wp-block-jetpack-slideshow_slide swiper-slide\"><figure><img loading=\"lazy\" decoding=\"async\" width=\"1774\" height=\"1330\" alt=\"\" class=\"wp-block-jetpack-slideshow_image wp-image-1822\" data-id=\"1822\" src=\"http:\/\/ahpimpacto.es\/wp-content\/uploads\/2024\/07\/IMG-2207.jpg\" srcset=\"https:\/\/ahpimpacto.es\/wp-content\/uploads\/2024\/07\/IMG-2207.jpg 1774w, https:\/\/ahpimpacto.es\/wp-content\/uploads\/2024\/07\/IMG-2207-300x225.jpg 300w, https:\/\/ahpimpacto.es\/wp-content\/uploads\/2024\/07\/IMG-2207-1024x768.jpg 1024w, https:\/\/ahpimpacto.es\/wp-content\/uploads\/2024\/07\/IMG-2207-768x576.jpg 768w, https:\/\/ahpimpacto.es\/wp-content\/uploads\/2024\/07\/IMG-2207-1536x1152.jpg 1536w, https:\/\/ahpimpacto.es\/wp-content\/uploads\/2024\/07\/IMG-2207-1441x1080.jpg 1441w, https:\/\/ahpimpacto.es\/wp-content\/uploads\/2024\/07\/IMG-2207-600x450.jpg 600w\" sizes=\"(max-width: 1774px) 100vw, 1774px\" \/><\/figure><\/li><li class=\"wp-block-jetpack-slideshow_slide swiper-slide\"><figure><img loading=\"lazy\" decoding=\"async\" width=\"960\" height=\"720\" alt=\"\" class=\"wp-block-jetpack-slideshow_image wp-image-1901\" data-id=\"1901\" src=\"http:\/\/ahpimpacto.es\/wp-content\/uploads\/2024\/10\/g100_nuevaruralidad.jpg\" srcset=\"https:\/\/ahpimpacto.es\/wp-content\/uploads\/2024\/10\/g100_nuevaruralidad.jpg 960w, https:\/\/ahpimpacto.es\/wp-content\/uploads\/2024\/10\/g100_nuevaruralidad-300x225.jpg 300w, https:\/\/ahpimpacto.es\/wp-content\/uploads\/2024\/10\/g100_nuevaruralidad-768x576.jpg 768w, https:\/\/ahpimpacto.es\/wp-content\/uploads\/2024\/10\/g100_nuevaruralidad-600x450.jpg 600w\" sizes=\"(max-width: 960px) 100vw, 960px\" \/><\/figure><\/li><li class=\"wp-block-jetpack-slideshow_slide swiper-slide\"><figure><img loading=\"lazy\" decoding=\"async\" width=\"1080\" height=\"811\" alt=\"\" class=\"wp-block-jetpack-slideshow_image wp-image-1881\" data-id=\"1881\" src=\"http:\/\/ahpimpacto.es\/wp-content\/uploads\/2024\/10\/medalla_ucrania.jpg\" srcset=\"https:\/\/ahpimpacto.es\/wp-content\/uploads\/2024\/10\/medalla_ucrania.jpg 1080w, https:\/\/ahpimpacto.es\/wp-content\/uploads\/2024\/10\/medalla_ucrania-300x225.jpg 300w, https:\/\/ahpimpacto.es\/wp-content\/uploads\/2024\/10\/medalla_ucrania-1024x769.jpg 1024w, https:\/\/ahpimpacto.es\/wp-content\/uploads\/2024\/10\/medalla_ucrania-768x577.jpg 768w, https:\/\/ahpimpacto.es\/wp-content\/uploads\/2024\/10\/medalla_ucrania-600x451.jpg 600w\" sizes=\"(max-width: 1080px) 100vw, 1080px\" \/><\/figure><\/li><li class=\"wp-block-jetpack-slideshow_slide swiper-slide\"><figure><img loading=\"lazy\" decoding=\"async\" width=\"960\" height=\"540\" alt=\"\" class=\"wp-block-jetpack-slideshow_image wp-image-1899\" data-id=\"1899\" src=\"http:\/\/ahpimpacto.es\/wp-content\/uploads\/2024\/10\/cumbre_cima_nuevaruralidad.jpg\" srcset=\"https:\/\/ahpimpacto.es\/wp-content\/uploads\/2024\/10\/cumbre_cima_nuevaruralidad.jpg 960w, https:\/\/ahpimpacto.es\/wp-content\/uploads\/2024\/10\/cumbre_cima_nuevaruralidad-300x169.jpg 300w, https:\/\/ahpimpacto.es\/wp-content\/uploads\/2024\/10\/cumbre_cima_nuevaruralidad-768x432.jpg 768w, https:\/\/ahpimpacto.es\/wp-content\/uploads\/2024\/10\/cumbre_cima_nuevaruralidad-600x338.jpg 600w\" sizes=\"(max-width: 960px) 100vw, 960px\" \/><\/figure><\/li><\/ul><a class=\"wp-block-jetpack-slideshow_button-prev swiper-button-prev swiper-button-white\" role=\"button\"><\/a><a class=\"wp-block-jetpack-slideshow_button-next swiper-button-next swiper-button-white\" role=\"button\"><\/a><a aria-label=\"Pause Slideshow\" class=\"wp-block-jetpack-slideshow_button-pause\" role=\"button\"><\/a><div class=\"wp-block-jetpack-slideshow_pagination swiper-pagination swiper-pagination-white\"><\/div><\/div><\/div>\n<\/div><\/div>\n\n\n\n<div class=\"wp-block-group alignfull has-ast-global-color-6-background-color has-background\"><div class=\"wp-block-group__inner-container is-layout-flow wp-block-group-is-layout-flow\">\n<div class=\"wp-block-columns alignwide is-layout-flex wp-container-core-columns-is-layout-28f84493 wp-block-columns-is-layout-flex\">\n<div class=\"wp-block-column is-layout-flow wp-block-column-is-layout-flow\">\n<h2 class=\"wp-block-heading\">Nuestra Experiencia<\/h2>\n\n\n\n<p class=\"has-ast-global-color-2-color has-text-color\">Nuestro equipo suma m\u00e1s de 45 a\u00f1os en el sector no lucrativo. Hemos ideado, dise\u00f1ado y dirigido algunos de los proyectos m\u00e1s destacados del panorama farmac\u00e9utico y del \u00b4\u00e1mbito social.<\/p>\n\n\n\n<p>Liderazgo e innovaci\u00f3n ha sido una constante en nuestro trabajo, que ha dado como resultado la puesta en marcha de dise\u00f1os de impacto que ha supuesto poder ser de utilidad para llevar la salud a muchas personas en \u00e1reas vulnerables.<\/p>\n\n\n<div class=\"wp-block-image\">\n<figure class=\"aligncenter size-large is-resized\"><img loading=\"lazy\" decoding=\"async\" width=\"1024\" height=\"1024\" src=\"http:\/\/ahpimpacto.es\/wp-content\/uploads\/2022\/10\/logo4_trans-1024x1024.png\" alt=\"\" class=\"wp-image-1707\" style=\"width:281px;height:281px\" srcset=\"https:\/\/ahpimpacto.es\/wp-content\/uploads\/2022\/10\/logo4_trans-1024x1024.png 1024w, https:\/\/ahpimpacto.es\/wp-content\/uploads\/2022\/10\/logo4_trans-300x300.png 300w, https:\/\/ahpimpacto.es\/wp-content\/uploads\/2022\/10\/logo4_trans-150x150.png 150w, https:\/\/ahpimpacto.es\/wp-content\/uploads\/2022\/10\/logo4_trans-768x768.png 768w, https:\/\/ahpimpacto.es\/wp-content\/uploads\/2022\/10\/logo4_trans-1080x1080.png 1080w, https:\/\/ahpimpacto.es\/wp-content\/uploads\/2022\/10\/logo4_trans-600x600.png 600w, https:\/\/ahpimpacto.es\/wp-content\/uploads\/2022\/10\/logo4_trans-100x100.png 100w, https:\/\/ahpimpacto.es\/wp-content\/uploads\/2022\/10\/logo4_trans.png 1500w\" sizes=\"(max-width: 1024px) 100vw, 1024px\" \/><\/figure>\n<\/div><\/div>\n\n\n\n<div class=\"wp-block-column is-layout-flow wp-block-column-is-layout-flow\">\n<h4 class=\"wp-block-heading has-ast-global-color-0-color has-text-color\">2022<\/h4>\n\n\n\n<h4 class=\"wp-block-heading\">Proyecto A-wash<\/h4>\n\n\n\n<p>Proyecto AHPi en el que se trabaja todo lo relacionado con la gesti\u00f3n de aguas y el saneamiento ambiental en comunidades en desarrollo. Comenzando por la formaci\u00f3n, materiales hasta la realizaci\u00f3n de proyectos de acceso al agua potable y al saneamiento.<\/p>\n\n\n\n<hr class=\"wp-block-separator has-text-color has-css-opacity has-background is-style-wide\" style=\"background-color:#e7e7e7;color:#e7e7e7\"\/>\n\n\n\n<h4 class=\"wp-block-heading has-ast-global-color-0-color has-text-color\">2017<\/h4>\n\n\n\n<h4 class=\"wp-block-heading\">M\u00e1s Saludable_APP-#Mu\u00e9vetePorTuSalud<\/h4>\n\n\n\n<p>Proyecto de salud p\u00fablica desarrollado en FSFE en el que se ofrecen herramientas a farmac\u00e9uticos, cuidadores y personas vulnerables para el cuidado de su salud. Incluye acciones de Salud Comunitaria.<\/p>\n\n\n\n<p>(R) angelhuelamo. Proyecto registrado en la Comunidad de Madrid con n\u00famero M-008196\/2015<\/p>\n\n\n\n<hr class=\"wp-block-separator has-text-color has-css-opacity has-background is-style-wide\" style=\"background-color:#e7e7e7;color:#e7e7e7\"\/>\n\n\n\n<h4 class=\"wp-block-heading has-ast-global-color-0-color has-text-color\">2012<\/h4>\n\n\n\n<h4 class=\"wp-block-heading\">Proyecto PTC-Health- Boticarios<\/h4>\n\n\n\n<p>Proyecto de Cooperaci\u00f3n desarrollado en FSFE, mixto de formaci\u00f3n e intervenci\u00f3n en terreno en el que se forma a sanitarios para que posteriormente desarrollen una asistencia t\u00e9cnica en un proyecto de Cooperaci\u00f3n Internacional.<\/p>\n\n\n\n<p>(R) angelhuelamo. Proyecto registrado en la Comunidad de Madrid con n\u00famero M-008192\/2015<\/p>\n\n\n\n<hr class=\"wp-block-separator has-text-color has-css-opacity has-background is-style-wide\" style=\"background-color:#e7e7e7;color:#e7e7e7\"\/>\n\n\n\n<h4 class=\"wp-block-heading has-ast-global-color-0-color has-text-color\">2006<\/h4>\n\n\n\n<h4 class=\"wp-block-heading\">Banco de Medicamentos y Productos Sanitarios<\/h4>\n\n\n\n<p>Proyecto de Ayuda Humanitaria desarrollado en FSFE, para la gesti\u00f3n en red de donaciones en producto con la industria farmac\u00e9utica, para donar a entidades que se encuentran dentro de la red<\/p>\n<\/div>\n<\/div>\n<\/div><\/div>\n\n\n\n<figure class=\"wp-block-image alignfull size-large\"><img loading=\"lazy\" decoding=\"async\" width=\"1024\" height=\"299\" src=\"https:\/\/websitedemos.net\/learn-digital-marketing-08\/wp-content\/uploads\/sites\/891\/2021\/02\/digital-marketing-coach-template-video-img-1024x299.jpg\" alt=\"\" class=\"wp-image-203\" srcset=\"https:\/\/ahpimpacto.es\/wp-content\/uploads\/2021\/02\/digital-marketing-coach-template-video-img-1024x299.jpg 1024w, https:\/\/ahpimpacto.es\/wp-content\/uploads\/2021\/02\/digital-marketing-coach-template-video-img-600x175.jpg 600w, https:\/\/ahpimpacto.es\/wp-content\/uploads\/2021\/02\/digital-marketing-coach-template-video-img-300x88.jpg 300w, https:\/\/ahpimpacto.es\/wp-content\/uploads\/2021\/02\/digital-marketing-coach-template-video-img-768x224.jpg 768w, https:\/\/ahpimpacto.es\/wp-content\/uploads\/2021\/02\/digital-marketing-coach-template-video-img-1536x448.jpg 1536w, https:\/\/ahpimpacto.es\/wp-content\/uploads\/2021\/02\/digital-marketing-coach-template-video-img.jpg 1920w\" sizes=\"(max-width: 1024px) 100vw, 1024px\" \/><\/figure>\n\n\n\n<div class=\"wp-block-group alignfull\"><div class=\"wp-block-group__inner-container is-layout-flow wp-block-group-is-layout-flow\">\n<div class=\"wp-block-columns is-layout-flex wp-container-core-columns-is-layout-28f84493 wp-block-columns-is-layout-flex\">\n<div class=\"wp-block-column is-layout-flow wp-block-column-is-layout-flow\">\n<div class=\"wp-block-group has-ast-global-color-6-background-color has-background\"><div class=\"wp-block-group__inner-container is-layout-flow wp-block-group-is-layout-flow\">\n<p class=\"has-u-002-du-002-dast-global-color-2-color has-text-color\" style=\"font-size:18px\"><\/p>\n<\/div><\/div>\n<\/div>\n\n\n\n<div class=\"wp-block-column is-layout-flow wp-block-column-is-layout-flow\">\n<div class=\"wp-block-group has-ast-global-color-6-background-color has-background\"><div class=\"wp-block-group__inner-container is-layout-flow wp-block-group-is-layout-flow\">\n<p class=\"has-u-002-du-002-dast-global-color-2-color has-text-color\" style=\"font-size:18px\"><\/p>\n<\/div><\/div>\n<\/div>\n<\/div>\n<\/div><\/div>\n","protected":false},"excerpt":{"rendered":"<p>Las personas de nuestro equipo llevan en el sector no lucrativo 23 a\u00f1os, dise\u00f1ando proyectos de salud y desarrollo que son referencia en el sector de la cooperaci\u00f3n sanitaria y el desarrollo productivo Nuestra Experiencia Nuestro equipo suma m\u00e1s de 45 a\u00f1os en el sector no lucrativo. Hemos ideado, dise\u00f1ado y dirigido algunos de los&hellip; <br \/> <a class=\"read-more\" href=\"https:\/\/ahpimpacto.es\/?page_id=11\">Leer m\u00e1s<\/a><\/p>\n","protected":false},"author":1,"featured_media":0,"parent":0,"menu_order":0,"comment_status":"closed","ping_status":"closed","template":"","meta":{"footnotes":""},"class_list":["post-11","page","type-page","status-publish","hentry"],"aioseo_notices":[],"jetpack_sharing_enabled":true,"_links":{"self":[{"href":"https:\/\/ahpimpacto.es\/index.php?rest_route=\/wp\/v2\/pages\/11","targetHints":{"allow":["GET"]}}],"collection":[{"href":"https:\/\/ahpimpacto.es\/index.php?rest_route=\/wp\/v2\/pages"}],"about":[{"href":"https:\/\/ahpimpacto.es\/index.php?rest_route=\/wp\/v2\/types\/page"}],"author":[{"embeddable":true,"href":"https:\/\/ahpimpacto.es\/index.php?rest_route=\/wp\/v2\/users\/1"}],"replies":[{"embeddable":true,"href":"https:\/\/ahpimpacto.es\/index.php?rest_route=%2Fwp%2Fv2%2Fcomments&post=11"}],"version-history":[{"count":26,"href":"https:\/\/ahpimpacto.es\/index.php?rest_route=\/wp\/v2\/pages\/11\/revisions"}],"predecessor-version":[{"id":1933,"href":"https:\/\/ahpimpacto.es\/index.php?rest_route=\/wp\/v2\/pages\/11\/revisions\/1933"}],"wp:attachment":[{"href":"https:\/\/ahpimpacto.es\/index.php?rest_route=%2Fwp%2Fv2%2Fmedia&parent=11"}],"curies":[{"name":"wp","href":"https:\/\/api.w.org\/{rel}","templated":true}]}}